{"id":7480,"date":"2015-07-19T18:42:03","date_gmt":"2015-07-19T16:42:03","guid":{"rendered":"https:\/\/www.demomentsomtres.com\/?page_id=7480"},"modified":"2016-07-19T18:56:28","modified_gmt":"2016-07-19T18:56:28","slug":"personal-information","status":"publish","type":"page","link":"https:\/\/www.demomentsomtres.com\/en\/personal-information\/","title":{"rendered":"Legal notice"},"content":{"rendered":"<p><!-- .lsow-background --><\/p>\n<h1 class=\"heroi\" style=\"text-align: center;\">Legal notice<\/h1>\n<p class=\"heroi\" style=\"text-align: center;\">Our lawyers are working on this page.<\/p>\n<p class=\"heroi\" style=\"text-align: center;\">We hope they finish it in a while&#8230;<\/p>\n","protected":false},"excerpt":{"rendered":"<p>Legal notice Our lawyers are working on this page. We hope they finish it in a while&#8230;<\/p>\n","protected":false},"author":1,"featured_media":7473,"parent":0,"menu_order":0,"comment_status":"closed","ping_status":"closed","template":"","meta":{"_acf_changed":false,"_et_pb_use_builder":"on","_et_pb_old_content":"<p><!-- .lsow-background --><\/p><h1 class=\"heroi\" style=\"text-align: center;\">Av\u00eds legal de la web www.demomentsomtres.com<\/h1><h2>0. Objecte<\/h2><p>El present av\u00eds legal regula l\u2019\u00fas i la utilitzaci\u00f3 del lloc web www.demomentsomtres.com, del que es titular DEMOMENTSOMTRES SL (en adelante, DEMOMENTSOMTRES SL).<\/p><p>La navegaci\u00f3 pel lloc web DEMOMENTSOMTRES SL li atribueix la condici\u00f3 d'USUARI del mateix i comporta la seva acceptaci\u00f3 plena i sense reserves de totes i cada una de les condicions publicades en aquest av\u00eds legal, advertint que aquestes condicions podran ser modificades sense notificaci\u00f3 pr\u00e8via per part DEMOMENTSOMTRES SL, en aquest cas es procedir\u00e0 a la seva publicaci\u00f3 i avis amb la m\u00e0xima antelaci\u00f3 possible.<br \/> Per tot aix\u00f2 es recomanable llegir atentament el seu contingut en caso de desitjar accedir i fer \u00fas de la informaci\u00f3 i dels serveis ofertats des d\u2019aquest lloc web.<br \/> L\u2019usuari, a m\u00e9s a m\u00e9s, s\u2019obliga a fer un us correcte del lloc web de conformitat amb les lleis, la bona fe, l\u2019ordre p\u00fablic, els usos del tr\u00e0fic i el present Av\u00eds Legal, i respondr\u00e0 davant DEMOMENTSOMTRES SL o davant de tercers, de qualsevol dany i perjudici que pogu\u00e9s causar-se com a conseq\u00fc\u00e8ncia de l\u2019incompliment d\u2019aquesta obligaci\u00f3.<br \/> Qualsevol utilitzaci\u00f3 diferent a l\u2019autoritzada est\u00e0 expressament prohibida, pudent DEMOMENTSOMTRES SL denegar o retirar l\u2019acc\u00e9s i el seu usen qualsevol moment.<\/p><h2>1. IDENTIFICACI\u00d3<\/h2><p>DEMOMENTSOMTRES SL, en compliment de la Llei 34\/2002, de 11 de juliol, de Serveis de la Societat de la Informaci\u00f3 i del Comer\u00e7 Electr\u00f2nic, l\u2019informa de qu\u00e8:<\/p><p><strong>1.<\/strong> La seva denominaci\u00f3 social \u00e9s: DEMOMENTSOMTRES SL<br \/> <strong>2.<\/strong> El seu nom comercial \u00e9s: DEMOMENTSOMTRES SL<br \/> <strong>3.<\/strong> El seu CIF \u00e9s: B65921264.<br \/> <strong>4.<\/strong> El seu domicili social est\u00e0 al: : C\/ CORT, 32 1\u00ba 2\u00aa - 08720 VILAFRANCA DEL PENED\u00c9S - BARCELONA (ESPA\u00d1A).<br \/> <strong>5.<\/strong> Est\u00e0 inscrita en el Registre Mercantil de BARCELONA Volum 43914 , Full 147, S 8, H B 441735, I\/A 2<\/p><h2>2. COMUNICACIONS<\/h2><p>Per comunicar-se amb nosaltres, posem a la seva disposici\u00f3 diferents mitjans de contacte que detallem a continuaci\u00f3:<\/p><p><strong>*Email:<\/strong> dms3@demomentsomtres.com<\/p><p>Totes les notificacions i comunicacions entre els usuaris i DEMOMENTSOMTRES SL es consideraran eficaces, a tots els efectes, quan es realitzin a trav\u00e9s de qualsevol mitj\u00e0 dels detallats anteriorment.<\/p><h2>3. CONDICIONS D\u2019ACCES I UTILIZACI\u00d3<\/h2><p>El lloc web i els seus serveis s\u00f3n d\u2019acc\u00e9s lliure i gratu\u00eft. No obstant, DEMOMENTSOMTRES SL pot condicionar la utilitzaci\u00f3 d\u2019alguns dels serveis oferts a la seva web a la pr\u00e8via complementaci\u00f3 del corresponent formulari.<br \/> L\u2019usuari garanteix l\u2019autenticitat i actualitat de totes aquelles dades que comuniqui a DEMOMENTSOMTRES SL i ser\u00e0 l\u2019\u00fanic responsable de les manifestacions falses o inexactes que realitzi.<br \/> L\u2019usuari es compromet expressament a fer un \u00fas adequat dels continguts i serveis DEMOMENTSOMTRES SL i a no utilitzar-los per, entre altres:<\/p><p><strong>a)<\/strong> Difondre continguts delictius, violents, pornogr\u00e0fics, racistes, xen\u00f2fobs, ofensius, de apologia del terrorisme o, en general, contraris a la llei o a l\u2019ordre p\u00fablic.<br \/> <strong>b)<\/strong> Introduir a la xarxa virus inform\u00e0tics o realitzar actuacions susceptibles d\u2019alterar, malmetre, interrompre o generar errors o danys en els documents electr\u00f2nics, dades o sistemes f\u00edsics i l\u00f2gics DEMOMENTSOMTRES SL o de terceres persones; aix\u00ed como obstaculitzar l\u2019acc\u00e9s d\u2019altres usuaris al lloc web i als seus serveis mitjan\u00e7ant el consum massiu dels recursos inform\u00e0tics a trav\u00e9s dels quals DEMOMENTSOMTRES SL presta els seus serveis.<br \/> <strong>c)<\/strong> Intentar accedir als comptes de correu electr\u00f2nic d\u2019altres usuaris o a \u00e0rees restringides dels sistemes inform\u00e0tics DEMOMENTSOMTRES SL o de tercers i, en el seu cas, extreure informaci\u00f3.<br \/> <strong>d)<\/strong> Vulnerar els drets de propietat intel\u00b7lectual o industrial, aix\u00ed com violar la confidencialitat de la informaci\u00f3 DEMOMENTSOMTRES SL o de tercers.<br \/> <strong>e)<\/strong> Suplantar la identitat de qualsevol altre usuari.<br \/> <strong>f)<\/strong> Reproduir, copiar, distribuir, posar a disposici\u00f3 de, o qualsevol altre forma de comunicaci\u00f3 p\u00fablica, transformar o modificar els continguts, a no ser que es disposi amb l\u2019autoritzaci\u00f3 del titular dels corresponents drets o aix\u00f2 resulti legalment perm\u00e8s.<br \/> <strong>g)<\/strong> Recavar dades amb finalitat publicit\u00e0ria i de remetre publicitat de qualsevol classe i comunicacions amb fins de venda o altres de naturalesa comercial sense que n\u2019hi hagi la pr\u00e8via sol\u00b7licitud o consentiment.<\/p><p>Tots els continguts del lloc web, com textos, fotografies, gr\u00e0fics, imatges, icones, tecnologia, software, aix\u00ed com el seu disseny gr\u00e0fic i codis font, constitueixen una obra la propietat de la qual pertany a DEMOMENTSOMTRES SL, sense que es puguin entendre cedides a l\u2019usuari cap dels drets d\u2019explotaci\u00f3 sobre els mateixos m\u00e9s enll\u00e0 de l\u2019estrictament necessari per al correcte \u00fas del web.<br \/> En definitiva, els usuaris que accedeixen a aquest lloc web poden visualitzar els continguts i efectuar, en el seu cas, c\u00f2pies privades autoritzades sempre que els elements reprodu\u00efts no siguin cedits posteriorment a tercers, ni s\u2019instal\u00b7lin a servidors connectats a xarxes, ni siguin objecte de cap tipus d\u2019explotaci\u00f3.<br \/> Aix\u00ed mateix, totes les marques, noms comercials o signes distintius de qualsevol classe que apareixen al lloc web s\u00f3n propietat de DEMOMENTSOMTRES SL, sense que pugui entendre que l'\u00fas o acc\u00e9s al mateix atribueixi a l'usuari cap dret sobre els mateixos.<br \/> La distribuci\u00f3, modificaci\u00f3, cessi\u00f3 o comunicaci\u00f3 p\u00fablica dels continguts i qualsevol altre acte que no hagi estat expressament autoritzat pel titular dels drets d'explotaci\u00f3 queden prohibits.<br \/> L'establiment d'un hiperenlla\u00e7 no implica en cap cas l'exist\u00e8ncia de relacions entre DEMOMENTSOMTRES SL i el propietari del lloc web en el que s'estableixi, ni l'acceptaci\u00f3 i aprovaci\u00f3 per part de DEMOMENTSOMTRES SL dels seus continguts o serveis.<br \/> DEMOMENTSOMTRES SL no es responsabilitza de l'\u00fas que cada usuari li doni als materials posats a disposici\u00f3 en aquest lloc web ni de les actuacions que realitzi en base als mateixos.<\/p><h3>3.1 EXCLUSI\u00d3 DE GARANTIES I DE RESPONSABILITAT EN L\u2019ACC\u00c9S I LA UTILITZACI\u00d3<\/h3><p>El contingut del present lloc web \u00e9s de car\u00e0cter general i t\u00e9 una finalitat merament informativa, sense que es garanteixi plenament l'acc\u00e9s a tots els continguts, ni la seva exhaustivitat, correcci\u00f3, vig\u00e8ncia o actualitat, ni la seva idone\u00eftat o utilitat per a un objectiu espec\u00edfic.<br \/> DEMOMENTSOMTRES SL exclou, fins on permet l'ordenament jur\u00eddic, qualsevol responsabilitat pels danys i perjudicis de tota naturalesa derivats de:<\/p><p><strong>a)\u00a0<\/strong>La impossibilitat d'acc\u00e9s al lloc web o la falta de veracitat, exactitud, exhaustivitat i \/ o actualitat dels continguts, aix\u00ed com l'exist\u00e8ncia de vicis i defectes de tota classe dels continguts transmesos, difosos, emmagatzemats, posats a disposici\u00f3, als que s'hagi accedit a trav\u00e9s del lloc web o dels serveis que s'ofereixen.<br \/> <strong>b)\u00a0<\/strong>La pres\u00e8ncia de virus o d'altres elements en els continguts que puguin produir alteracions en els sistemes inform\u00e0tics, documents electr\u00f2nics o dades dels usuaris.<br \/> <strong>c)<\/strong> L'incompliment de les lleis, la bona fe, l'ordre p\u00fablic, els usos del tr\u00e0fic i el present av\u00eds legal com a conseq\u00fc\u00e8ncia de l'\u00fas incorrecte del lloc web. En particular, a manera d'exemple, DEMOMENTSOMTRES SL no es fa responsable de les actuacions de tercers que vulnerin drets de propietat intel\u00b7lectual i industrial, secrets empresarials, drets a l'honor, a la intimitat personal i familiar ia la pr\u00f2pia imatge, aix\u00ed com la normativa en mat\u00e8ria de compet\u00e8ncia deslleial i publicitat il\u00b7l\u00edcita.<\/p><p>Aix\u00ed mateix, DEMOMENTSOMTRES SL declina qualsevol responsabilitat respecte a la informaci\u00f3 que es trobi fora d'aquesta web i no sigui gestionada directament pel nostre webmaster. La funci\u00f3 dels links que apareixen en aquesta web \u00e9s exclusivament la d'informar l'usuari sobre l'exist\u00e8ncia d'altres fonts susceptibles d'ampliar els continguts que ofereix aquest lloc web. DEMOMENTSOMTRES SL no garanteix ni es responsabilitza del funcionament o accessibilitat dels llocs enlla\u00e7ats; ni suggereix, convida o recomana la visita als mateixos, de manera que tampoc ser\u00e0 responsable del resultat obtingut. DEMOMENTSOMTRES SL no es responsabilitza de l'establiment d'hipervincles per part de tercers.<\/p><h3>3.2 PROCEDIMENT EN CAS DE REALITZACI\u00d3 D\u2019ACTIVITATS DE CAR\u00c0CTER IL\u00b7L\u00cdCIT<\/h3><p>En el cas que qualsevol usuari o un tercer consideri que existeixen fets o circumst\u00e0ncies que revelin el car\u00e0cter il\u00b7l\u00edcit de la utilitzaci\u00f3 de qualsevol contingut i \/ o de la realitzaci\u00f3 de qualsevol activitat en les p\u00e0gines web incloses o accessibles a trav\u00e9s del lloc web, haur\u00e0 enviar una notificaci\u00f3 a DEMOMENTSOMTRES SL identificant-se degudament i especificant les suposades infraccions.<\/p><h3>3.3 PUBLICACIONS<\/h3><p>La informaci\u00f3 administrativa facilitada a trav\u00e9s del lloc web no substitueix la publicitat legal de les lleis, normatives, plans, disposicions generals i actes que hagin de ser publicats formalment als diaris oficials de les administracions p\u00fabliques, que constitueixen l'\u00fanic instrument que d\u00f3na fe de la seva autenticitat i contingut. La informaci\u00f3 disponible en aquest lloc web s'ha d'entendre com una guia sense prop\u00f2sit de validesa legal.<\/p><h2>4. POL\u00cdTICA DE PRIVACITAT<\/h2><p>Quan necessitem obtenir informaci\u00f3 per part seva, sempre li demanarem que ens la proporcioni volunt\u00e0riament de forma expressa. Les dades demanades a trav\u00e9s dels formularis de recollida de dades del lloc web o altres vies, seran incorporades a un fitxer de dades de car\u00e0cter personal degudament inscrit en el Registre General de Protecci\u00f3 de Dades de l'Ag\u00e8ncia Espanyola de Protecci\u00f3 de Dades, del qual \u00e9s responsable DEMOMENTSOMTRES SL (en adelante: DEMOMENTSOMTRES SL). Aquesta entitat tractar\u00e0 les dades de forma confidencial i exclusivament amb la finalitat d'oferir els serveis sol\u00b7licitats, amb totes les garanties legals i de seguretat que imposa la Llei Org\u00e0nica 15\/1999, de 13 de desembre, de protecci\u00f3 de dades de car\u00e0cter personal, el Reial Decret 1720\/2007, de 21 de desembre i la Llei 34\/2002, de 11 de juliol, de Serveis de la Societat de la Informaci\u00f3 i de Comer\u00e7 Electr\u00f2nic.<br \/> DEMOMENTSOMTRES SL no cedir\u00e0 les dades amb tercers sense el seu consentiment expr\u00e9s.<br \/> Aix\u00ed mateix, DEMOMENTSOMTRES SL, cancel\u00b7lar\u00e0 o rectificar\u00e0 les dades quan resultin inexactes, incompletes o hagin deixat de ser necess\u00e0ries o pertinents per a la seva finalitat, de conformitat amb el que preveu la Llei Org\u00e0nica 15\/1999, de 13 de desembre, de Protecci\u00f3 de Dades de Car\u00e0cter Personal.<br \/> L'usuari podr\u00e0 revocar el consentiment prestat i exercir els drets d'acc\u00e9s, rectificaci\u00f3, cancel\u00b7laci\u00f3 i oposici\u00f3 dirigint-se al domicili seg\u00fcent: DEMOMENTSOMTRES SL, situat al C\/ CORT, 32 1\u00ba 2\u00aa DESPATX C - 08720 VILAFRANCA DEL PENEDES - BARCELONA (ESPA\u00d1A)identificant-se degudament i indicant de forma expressa el concret dret que vol exercir.<br \/> DEMOMENTSOMTRES SL adopta els nivells de seguretat corresponents requerits per la citada Llei Org\u00e0nica 15\/1999 i altra normativa aplicable. No obstant, no pot garantir l'absoluta invulnerabilitat dels sistemes, per tant, no assumeix cap responsabilitat pels danys i perjudicis derivats d'alteracions que tercers puguin causar en els sistemes inform\u00e0tics, documents electr\u00f2nics o fitxers de l'usuari.<br \/> Si opta per abandonar el nostre lloc web a trav\u00e9s d'enlla\u00e7os a llocs web no pertanyents a la nostra entitat, DEMOMENTSOMTRES SL no es far\u00e0 responsable de les pol\u00edtiques de privacitat d'aquests llocs web ni de les cookies que aquests puguin emmagatzemar en l'ordinador de l'usuari.<br \/> La nostra pol\u00edtica respecte al correu electr\u00f2nic se centra a remetre \u00fanicament comunicacions que vost\u00e8 hagi sol\u00b7licitat rebre.<br \/> Si prefereix no rebre aquests missatges per correu electr\u00f2nic li oferirem a trav\u00e9s dels mateixos la possibilitat d'exercir el seu dret de cancel\u00b7laci\u00f3 i ren\u00fancia a la recepci\u00f3 d'aquests missatges, de conformitat amb el que disposa el t\u00edtol III, article 22 de la Llei 34 \/ 2002, de Serveis per a la Societat de la Informaci\u00f3 i de Comer\u00e7 Electr\u00f2nic.<\/p><h2>5. POL\u00cdTICA DE COOKIES<\/h2><p><strong>.Qu\u00e8 s\u00f3n les cookies?<\/strong><br \/> Una galeta \u00e9s un fitxer que es descarrega al seu ordinador en accedir a determinades p\u00e0gines web. Les cookies permeten a una p\u00e0gina web, entre altres coses, emmagatzemar i recuperar informaci\u00f3 sobre h\u00e0bits de navegaci\u00f3 d'un usuari o del seu equip i, depenent de la informaci\u00f3 que continguin i de la forma que utilitzi el seu equip, es poden utilitzar per recon\u00e8ixer a l'usuari.<\/p><p><strong>.Per a qu\u00e8 utilitzen les cookies aquesta p\u00e0gina web i quins s\u00f3n?<\/strong><br \/> Aquesta p\u00e0gina web utilitza les cookies per a una s\u00e8rie de finalitats, incloses:<br \/> <strong>.An\u00e0lisi:<\/strong> s\u00f3n aquelles cookies que b\u00e9, tractades per nosaltres o per tercers, ens permeten quantificar el nombre d'usuaris i aix\u00ed realitzar el mesurament i an\u00e0lisi estad\u00edstica de la utilitzaci\u00f3 que fan els usuaris del servei. Per aix\u00f2 s'analitza la seva navegaci\u00f3 a la nostra p\u00e0gina web per tal de millorar l'experi\u00e8ncia de l'usuari.<\/p><p>El detall de les cookies utilitzades en aquesta p\u00e0gina web \u00e9s el seg\u00fcent:<\/p><p>\u00a0<\/p><p><!-- Fila 1 --><\/p><table><!-- Fila de encabezado --><tbody><tr><th>Cookies<\/th><th>Nom<\/th><th>Tipus<\/th><th>Prop\u00f2sit<\/th><th>M\u00e9s informaci\u00f3<\/th><\/tr><tr><td>_ga _dc_gtm_UA-29190479<\/td><td>Google Analytics<\/td><td>De tercers<\/td><td>Recollir informaci\u00f3 sobre la navegaci\u00f3 dels usuaris pel lloc per tal de con\u00e8ixer l'origen de les visites i altres dades similars a nivell estad\u00edstic. No obt\u00e9 dades dels noms o cognoms dels usuaris ni de l'adre\u00e7a postal concreta des d'on es connecten.<\/td><td>Google Analytics Centro de privacidad de Google: https:\/\/www.demomentsomtres.com\/en\/cookie-policy\/<\/td><\/tr><\/tbody><\/table><p>Nota: Les galetes de tipus 'pr\u00f2pies' s\u00f3n utilitzades nom\u00e9s pel propietari d'aquesta web i les galetes 'De tercers' s\u00f3n utilitzades, pel prestador del servei que est\u00e0 detallat en el quadre anterior.<\/p><p><strong>.Com puc desactivar o eliminar aquestes galetes?<\/strong><br \/> Pot vost\u00e8 permetre, bloquejar o eliminar les cookies instal\u00b7lades en el seu equip mitjan\u00e7ant la configuraci\u00f3 de les opcions del navegador en el vostre ordinador:<br \/> <strong>Firefox<\/strong><br \/> http:\/\/support.mozilla.org\/es\/kb\/habilitar-y-deshabilitar-cookies-que-los-sitios-we<br \/> <strong>Chrome<\/strong><br \/> http:\/\/support.google.com\/chrome\/bin\/answer.py?hl=es&amp;answer=95647<br \/> <strong>Explorer<\/strong><br \/> http:\/\/windows.microsoft.com\/es-es\/windows7\/how-to-manage-cookies-in-internet-explorer-9<br \/> <strong>Safari<\/strong><br \/> http:\/\/support.apple.com\/kb\/ph5042<br \/> <strong>Opera<\/strong><br \/> http:\/\/help.opera.com\/Windows\/11.50\/es-ES\/cookies.html<br \/> <strong>Altres navegadors<\/strong><br \/> Consulteu la documentaci\u00f3 del navegador que tingui instal lat.<br \/> Complement d'inhabilitaci\u00f3 per a navegadors de Google Analytics<br \/> Si voleu rebutjar les galetes anal\u00edtiques de Google Analytics en tots els navegadors, de manera que no s'envi\u00ef informaci\u00f3 seva a Google Analytics, pot descarregar un complement que realitza aquesta funci\u00f3 des d'aquest enlla\u00e7: https:\/\/tools.google.com\/dlpage\/ gaoptout.<\/p><h2>6. LEGISLACI\u00d3 APLICABLE<\/h2><p>Les condicions presents es regiran per la legislaci\u00f3 espanyola vigent.<br \/> La llengua utilitzada ser\u00e0 el Castell\u00e0.<\/p>","_et_gb_content_width":"","footnotes":""},"class_list":["post-7480","page","type-page","status-publish","has-post-thumbnail","hentry"],"acf":[],"_links":{"self":[{"href":"https:\/\/www.demomentsomtres.com\/en\/wp-json\/wp\/v2\/pages\/7480","targetHints":{"allow":["GET"]}}],"collection":[{"href":"https:\/\/www.demomentsomtres.com\/en\/wp-json\/wp\/v2\/pages"}],"about":[{"href":"https:\/\/www.demomentsomtres.com\/en\/wp-json\/wp\/v2\/types\/page"}],"author":[{"embeddable":true,"href":"https:\/\/www.demomentsomtres.com\/en\/wp-json\/wp\/v2\/users\/1"}],"replies":[{"embeddable":true,"href":"https:\/\/www.demomentsomtres.com\/en\/wp-json\/wp\/v2\/comments?post=7480"}],"version-history":[{"count":0,"href":"https:\/\/www.demomentsomtres.com\/en\/wp-json\/wp\/v2\/pages\/7480\/revisions"}],"wp:featuredmedia":[{"embeddable":true,"href":"https:\/\/www.demomentsomtres.com\/en\/wp-json\/wp\/v2\/media\/7473"}],"wp:attachment":[{"href":"https:\/\/www.demomentsomtres.com\/en\/wp-json\/wp\/v2\/media?parent=7480"}],"curies":[{"name":"wp","href":"https:\/\/api.w.org\/{rel}","templated":true}]}}